{"id":651,"date":"2025-06-20T09:05:08","date_gmt":"2025-06-20T02:05:08","guid":{"rendered":"https:\/\/regenexhomescom533.mbws.vn\/lien-he"},"modified":"2026-02-05T16:29:35","modified_gmt":"2026-02-05T09:29:35","slug":"lien-he","status":"publish","type":"page","link":"https:\/\/regenexhomescom533.mbws.vn\/en\/lien-he","title":{"rendered":"Li\u00ean h\u1ec7"},"content":{"rendered":"\n\t<section class=\"section mbws-scroll-down dark has-parallax\" id=\"section_2019622271\">\n\t\t<div class=\"section-bg fill\" data-parallax-container=\".section\" data-parallax-background data-parallax=\"-10\">\n\t\t\t<img loading=\"lazy\" decoding=\"async\" width=\"1920\" height=\"1236\" src=\"https:\/\/regenexhomescom533.mbws.vn\/wp-content\/uploads\/2026\/01\/bg-head.jpg\" class=\"bg attachment-original size-original\" alt=\"\" \/>\t\t\t\t\t\t\n\t\t\t\n\n\t\t<\/div>\n\n\t\t\n\n\t\t<div class=\"section-content relative\">\n\t\t\t\n<div class=\"row\"  id=\"row-176222585\">\n\n\t<div id=\"col-1545537863\" class=\"col pb-0 small-12 large-12\"  >\n\t\t\t\t<div class=\"col-inner\"  >\n\t\t\t\n\t\t\t\n\t<div id=\"text-2233111698\" class=\"text\">\n\t\t\n<h1>H\u00e3y li\u00ean h\u1ec7 ngay h\u00f4m nay!<\/h1>\n\t\t\n<style>\n#text-2233111698 {\n  font-size: 1.4rem;\n  text-align: center;\n}\n<\/style>\n\t<\/div>\n\t\n\t<div id=\"text-1739688902\" class=\"text\">\n\t\t\n<p>\u0110\u1ed9i ng\u0169 c\u1ee7a ch\u00fang t\u00f4i r\u1ea5t s\u1eb5n l\u00f2ng gi\u1ea3i \u0111\u00e1p m\u1ecdi th\u1eafc m\u1eafc c\u1ee7a b\u1ea1n. Vui l\u00f2ng \u0111i\u1ec1n v\u00e0o bi\u1ec3u m\u1eabu v\u00e0 ch\u00fang t\u00f4i s\u1ebd li\u00ean h\u1ec7 l\u1ea1i v\u1edbi b\u1ea1n trong th\u1eddi gian s\u1edbm nh\u1ea5t.<\/p>\n\t\t\n<style>\n#text-1739688902 {\n  text-align: center;\n}\n<\/style>\n\t<\/div>\n\t\n\t\t<\/div>\n\t\t\t\t\t<\/div>\n\n\t\n<\/div>\n\t\t<\/div>\n\n\t\t\n<style>\n#section_2019622271 {\n  padding-top: 60px;\n  padding-bottom: 60px;\n  min-height: 360px;\n}\n#section_2019622271 .section-bg img {\n  object-position: 51% 0%;\n}\n<\/style>\n\t<\/section>\n\t\n\n\t<section class=\"section\" id=\"section_404663372\">\n\t\t<div class=\"section-bg fill\" >\n\t\t\t\t\t\t\t\t\t\n\t\t\t\n\n\t\t<\/div>\n\n\t\t\n\n\t\t<div class=\"section-content relative\">\n\t\t\t\n<div class=\"row\"  id=\"row-874470676\">\n\n\t<div id=\"col-174348107\" class=\"col small-12 large-12\"  >\n\t\t\t\t<div class=\"col-inner box-shadow-1\"  >\n\t\t\t\n\t<div class=\"is-border\"\n\t\tstyle=\"border-color:rgb(254, 254, 254);border-radius:10px;border-width:1px 1px 1px 1px;\">\n\t<\/div>\n\t\t\t\n\n<div class=\"wpcf7 no-js\" id=\"wpcf7-f64-o1\" lang=\"vi\" dir=\"ltr\" data-wpcf7-id=\"64\">\n<div class=\"screen-reader-response\"><p role=\"status\" aria-live=\"polite\" aria-atomic=\"true\"><\/p> <ul><\/ul><\/div>\n<form action=\"\/en\/wp-json\/wp\/v2\/pages\/651#wpcf7-f64-o1\" method=\"post\" class=\"wpcf7-form init\" aria-label=\"Contact form\" novalidate=\"novalidate\" data-status=\"init\">\n<fieldset class=\"hidden-fields-container\"><input type=\"hidden\" name=\"_wpcf7\" value=\"64\" \/><input type=\"hidden\" name=\"_wpcf7_version\" value=\"6.1.4\" \/><input type=\"hidden\" name=\"_wpcf7_locale\" value=\"vi\" \/><input type=\"hidden\" name=\"_wpcf7_unit_tag\" value=\"wpcf7-f64-o1\" \/><input type=\"hidden\" name=\"_wpcf7_container_post\" value=\"0\" \/><input type=\"hidden\" name=\"_wpcf7_posted_data_hash\" value=\"\" \/>\n<\/fieldset>\n<div style=\"display: none\"><p><span class=\"wpcf7-form-control-wrap\" data-name=\"mbws\"><input size=\"40\" class=\"wpcf7-form-control wpcf7-text\" aria-invalid=\"false\" value=\"\" type=\"text\" name=\"mbws\"><\/span><\/p><\/div><div class=\"row row-small\">\n<div class=\"col large-12\">\n<label>H\u1ecd & t\u00ean *<\/label>\n<span class=\"wpcf7-form-control-wrap\" data-name=\"your-name\"><input size=\"40\" maxlength=\"400\" class=\"wpcf7-form-control wpcf7-text wpcf7-validates-as-required\" autocomplete=\"name\" aria-required=\"true\" aria-invalid=\"false\" placeholder=\"Nh\u1eadp t\u00ean c\u1ee7a b\u1ea1n\" value=\"\" type=\"text\" name=\"your-name\" \/><\/span>\n<\/div>\n<div class=\"col large-6\">\n<label>\u0110\u1ecba ch\u1ec9 email*<\/label>\n<span class=\"wpcf7-form-control-wrap\" data-name=\"your-mail\"><input size=\"40\" maxlength=\"400\" class=\"wpcf7-form-control wpcf7-email wpcf7-validates-as-required wpcf7-text wpcf7-validates-as-email\" aria-required=\"true\" aria-invalid=\"false\" placeholder=\"Nh\u1eadp email c\u1ee7a b\u1ea1n\" value=\"\" type=\"email\" name=\"your-mail\" \/><\/span>\n<\/div>\n<div class=\"col large-6\">\n<label>S\u1ed1 \u0111i\u1ec7n tho\u1ea1i *<\/label>\n<span class=\"wpcf7-form-control-wrap\" data-name=\"your-phone\"><input size=\"40\" maxlength=\"400\" class=\"wpcf7-form-control wpcf7-tel wpcf7-validates-as-required wpcf7-text wpcf7-validates-as-tel\" aria-required=\"true\" aria-invalid=\"false\" placeholder=\"S\u1ed1 \u0111i\u1ec7n tho\u1ea1i\" value=\"\" type=\"tel\" name=\"your-phone\" \/><\/span>\n<\/div>\n<div class=\"col large-12\">\n<label>Ch\u00fang t\u00f4i c\u00f3 th\u1ec3 gi\u00fap g\u00ec cho b\u1ea1n? *<\/label>\n<span class=\"wpcf7-form-control-wrap\" data-name=\"content\"><textarea cols=\"40\" rows=\"10\" maxlength=\"2000\" class=\"wpcf7-form-control wpcf7-textarea wpcf7-validates-as-required\" aria-required=\"true\" aria-invalid=\"false\" placeholder=\"Ch\u00fang t\u00f4i c\u00f3 th\u1ec3 gi\u00fap g\u00ec cho b\u1ea1n?\" name=\"content\"><\/textarea><\/span>\n<\/div> \n<div class=\"col large-12 pb-0 text-center\">\n<input class=\"wpcf7-form-control wpcf7-submit has-spinner\" type=\"submit\" value=\"G\u1eedi y\u00eau c\u1ea7u\" \/>\n<\/div>\n<\/div><div class=\"wpcf7-response-output\" aria-hidden=\"true\"><\/div>\n<\/form>\n<\/div>\n\n\t\t<\/div>\n\t\t\t\t\n<style>\n#col-174348107 > .col-inner {\n  padding: 30px 20px 30px 20px;\n  margin: 0px 0px 40px 0px;\n  border-radius: 10px;\n}\n@media (min-width:550px) {\n  #col-174348107 > .col-inner {\n    padding: 60px 60px 60px 60px;\n  }\n}\n<\/style>\n\t<\/div>\n\n\t\n<\/div>\n<div class=\"row align-equal row-box-shadow-1\"  id=\"row-2042842371\">\n\n\t<div id=\"col-724276911\" class=\"col medium-12 small-12 large-4\"  >\n\t\t\t\t<div class=\"col-inner\"  >\n\t\t\t\n\t\t\t\n\n\t<a class=\"plain\" href=\"tel:0965995109\" >\t<div class=\"icon-box featured-box icon-box-center text-center\"  >\n\t\t\t\t\t<div class=\"icon-box-img\" style=\"width: 60px\">\n\t\t\t\t<div class=\"icon\">\n\t\t\t\t\t<div class=\"icon-inner\" style=\"color:rgb(0, 117, 252);\">\n\t\t\t\t\t\t<svg xmlns=\"http:\/\/www.w3.org\/2000\/svg\" xmlns:xlink=\"http:\/\/www.w3.org\/1999\/xlink\" width=\"24px\" height=\"24px\" viewBox=\"0 0 24 24\" version=\"1.1\" class=\"svg-icon svg-icon-brand\">\n                          <g stroke=\"none\" stroke-width=\"1\" fill=\"none\" fill-rule=\"evenodd\">\n                              <rect x=\"0\" y=\"0\" width=\"24\" height=\"24\"><\/rect>\n                              <path d=\"M12,22 C6.4771525,22 2,17.5228475 2,12 C2,6.4771525 6.4771525,2 12,2 C17.5228475,2 22,6.4771525 22,12 C22,17.5228475 17.5228475,22 12,22 Z M11.613922,13.2130341 C11.1688026,13.6581534 10.4887934,13.7685037 9.92575695,13.4869855 C9.36272054,13.2054673 8.68271128,13.3158176 8.23759191,13.760937 L6.72658218,15.2719467 C6.67169475,15.3268342 6.63034033,15.393747 6.60579393,15.4673862 C6.51847004,15.7293579 6.66005003,16.0125179 6.92202169,16.0998418 L8.27584113,16.5511149 C9.57592638,16.9844767 11.009274,16.6461092 11.9783003,15.6770829 L15.9775173,11.6778659 C16.867756,10.7876271 17.0884566,9.42760861 16.5254202,8.3015358 L15.8928491,7.03639343 C15.8688153,6.98832598 15.8371895,6.9444475 15.7991889,6.90644684 C15.6039267,6.71118469 15.2873442,6.71118469 15.0920821,6.90644684 L13.4995401,8.49898884 C13.0544207,8.94410821 12.9440704,9.62411747 13.2255886,10.1871539 C13.5071068,10.7501903 13.3967565,11.4301996 12.9516371,11.8753189 L11.613922,13.2130341 Z\" fill=\"#000000\"><\/path>\n                          <\/g>\n                      <\/svg>\t\t\t\t\t<\/div>\n\t\t\t\t<\/div>\n\t\t\t<\/div>\n\t\t\t\t<div class=\"icon-box-text last-reset\">\n\t\t\t\t\t\t\t\t\t\n<h3>H\u00e3y g\u1ecdi cho ch\u00fang t\u00f4i<\/h3>\n<p>H\u00e3y g\u1ecdi cho ch\u00fang t\u00f4i \u0111\u1ec3 n\u00f3i chuy\u1ec7n v\u1edbi m\u1ed9t th\u00e0nh vi\u00ean trong nh\u00f3m. Ch\u00fang t\u00f4i lu\u00f4n s\u1eb5n l\u00f2ng gi\u00fap \u0111\u1ee1 b\u1ea1n.<\/p>\n\t\t<\/div>\n\t<\/div>\n\t<\/a>\n\t\n\t\t<\/div>\n\t\t\t\t\t<\/div>\n\n\t\n\n\t<div id=\"col-382362444\" class=\"col medium-12 small-12 large-4\"  >\n\t\t\t\t<div class=\"col-inner\"  >\n\t\t\t\n\t\t\t\n\n\t<a class=\"plain\" href=\"mailto:lyhongvy097@gmail.com\" >\t<div class=\"icon-box featured-box icon-box-center text-center\"  >\n\t\t\t\t\t<div class=\"icon-box-img\" style=\"width: 60px\">\n\t\t\t\t<div class=\"icon\">\n\t\t\t\t\t<div class=\"icon-inner\" style=\"color:rgb(0, 117, 252);\">\n\t\t\t\t\t\t<svg xmlns=\"http:\/\/www.w3.org\/2000\/svg\" xmlns:xlink=\"http:\/\/www.w3.org\/1999\/xlink\" width=\"24px\" height=\"24px\" viewBox=\"0 0 24 24\" version=\"1.1\" class=\"svg-icon svg-icon-brand\">\n                          <g stroke=\"none\" stroke-width=\"1\" fill=\"none\" fill-rule=\"evenodd\">\n                              <rect x=\"0\" y=\"0\" width=\"24\" height=\"24\"><\/rect>\n                              <path d=\"M6,2 L18,2 C18.5522847,2 19,2.44771525 19,3 L19,12 C19,12.5522847 18.5522847,13 18,13 L6,13 C5.44771525,13 5,12.5522847 5,12 L5,3 C5,2.44771525 5.44771525,2 6,2 Z M7.5,5 C7.22385763,5 7,5.22385763 7,5.5 C7,5.77614237 7.22385763,6 7.5,6 L13.5,6 C13.7761424,6 14,5.77614237 14,5.5 C14,5.22385763 13.7761424,5 13.5,5 L7.5,5 Z M7.5,7 C7.22385763,7 7,7.22385763 7,7.5 C7,7.77614237 7.22385763,8 7.5,8 L10.5,8 C10.7761424,8 11,7.77614237 11,7.5 C11,7.22385763 10.7761424,7 10.5,7 L7.5,7 Z\" fill=\"#000000\" opacity=\"0.3\"><\/path>\n                              <path d=\"M3.79274528,6.57253826 L12,12.5 L20.2072547,6.57253826 C20.4311176,6.4108595 20.7436609,6.46126971 20.9053396,6.68513259 C20.9668779,6.77033951 21,6.87277228 21,6.97787787 L21,17 C21,18.1045695 20.1045695,19 19,19 L5,19 C3.8954305,19 3,18.1045695 3,17 L3,6.97787787 C3,6.70173549 3.22385763,6.47787787 3.5,6.47787787 C3.60510559,6.47787787 3.70753836,6.51099993 3.79274528,6.57253826 Z\" fill=\"#000000\"><\/path>\n                          <\/g>\n                      <\/svg>\t\t\t\t\t<\/div>\n\t\t\t\t<\/div>\n\t\t\t<\/div>\n\t\t\t\t<div class=\"icon-box-text last-reset\">\n\t\t\t\t\t\t\t\t\t\n<h4>H\u00e3y g\u1eedi email cho ch\u00fang t\u00f4i.<\/h4>\n<p>Vui l\u00f2ng g\u1eedi email cho ch\u00fang t\u00f4i n\u1ebfu c\u00f3 th\u1eafc m\u1eafc chung, bao g\u1ed3m c\u1ea3 c\u00e1c c\u01a1 h\u1ed9i ti\u1ebfp th\u1ecb v\u00e0 h\u1ee3p t\u00e1c.<\/p>\n<a href=\"mailto:lyhongvy097@gmail.com\">lyhongvy097@gmail.com<\/a>\n\t\t<\/div>\n\t<\/div>\n\t<\/a>\n\t\n\t\t<\/div>\n\t\t\t\t\t<\/div>\n\n\t\n\n\t<div id=\"col-352154773\" class=\"col medium-12 small-12 large-4\"  >\n\t\t\t\t<div class=\"col-inner\"  >\n\t\t\t\n\t\t\t\n\n\t\t<div class=\"icon-box featured-box icon-box-center text-center\"  >\n\t\t\t\t\t<div class=\"icon-box-img\" style=\"width: 60px\">\n\t\t\t\t<div class=\"icon\">\n\t\t\t\t\t<div class=\"icon-inner\" style=\"color:rgb(0, 117, 252);\">\n\t\t\t\t\t\t<svg xmlns=\"http:\/\/www.w3.org\/2000\/svg\" xmlns:xlink=\"http:\/\/www.w3.org\/1999\/xlink\" width=\"24px\" height=\"24px\" viewBox=\"0 0 24 24\" version=\"1.1\" class=\"svg-icon svg-icon-brand\">\n                      <g stroke=\"none\" stroke-width=\"1\" fill=\"none\" fill-rule=\"evenodd\">\n                          <rect x=\"0\" y=\"0\" width=\"24\" height=\"24\"><\/rect>\n                          <path d=\"M5,10.5 C5,6 8,3 12.5,3 C17,3 20,6.75 20,10.5 C20,12.8325623 17.8236613,16.03566 13.470984,20.1092932 C12.9154018,20.6292577 12.0585054,20.6508331 11.4774555,20.1594925 C7.15915182,16.5078313 5,13.2880005 5,10.5 Z M12.5,12 C13.8807119,12 15,10.8807119 15,9.5 C15,8.11928813 13.8807119,7 12.5,7 C11.1192881,7 10,8.11928813 10,9.5 C10,10.8807119 11.1192881,12 12.5,12 Z\" fill=\"#000000\" fill-rule=\"nonzero\"><\/path>\n                      <\/g>\n                  <\/svg>\t\t\t\t\t<\/div>\n\t\t\t\t<\/div>\n\t\t\t<\/div>\n\t\t\t\t<div class=\"icon-box-text last-reset\">\n\t\t\t\t\t\t\t\t\t\n<h4>\u0110\u1ecba ch\u1ec9 v\u0103n ph\u00f2ng<\/h4>\n<p>T\u00f2a nh\u00e0 Golden King, 15 Nguy\u1ec5n L\u01b0\u01a1ng B\u1eb1ng, Ph\u01b0\u1eddng T\u00e2n M\u1ef9, H\u1ed3 Ch\u00ed Minh, Vi\u1ec7t Nam<\/p>\n\t\t<\/div>\n\t<\/div>\n\t\n\t\n\t\t<\/div>\n\t\t\t\t\t<\/div>\n\n\t\n\n<style>\n#row-2042842371 > .col > .col-inner {\n  padding: 20px 20px 20px 20px;\n  border-radius: 10px;\n}\n<\/style>\n<\/div>\n\t\t<\/div>\n\n\t\t\n<style>\n#section_404663372 {\n  padding-top: 40px;\n  padding-bottom: 40px;\n}\n<\/style>\n\t<\/section>\n\t\n","protected":false},"excerpt":{"rendered":"","protected":false},"author":1,"featured_media":0,"parent":0,"menu_order":9,"comment_status":"closed","ping_status":"closed","template":"page-blank.php","meta":{"_acf_changed":false,"footnotes":""},"class_list":["post-651","page","type-page","status-publish","hentry"],"acf":[],"_links":{"self":[{"href":"https:\/\/regenexhomescom533.mbws.vn\/en\/wp-json\/wp\/v2\/pages\/651","targetHints":{"allow":["GET"]}}],"collection":[{"href":"https:\/\/regenexhomescom533.mbws.vn\/en\/wp-json\/wp\/v2\/pages"}],"about":[{"href":"https:\/\/regenexhomescom533.mbws.vn\/en\/wp-json\/wp\/v2\/types\/page"}],"author":[{"embeddable":true,"href":"https:\/\/regenexhomescom533.mbws.vn\/en\/wp-json\/wp\/v2\/users\/1"}],"replies":[{"embeddable":true,"href":"https:\/\/regenexhomescom533.mbws.vn\/en\/wp-json\/wp\/v2\/comments?post=651"}],"version-history":[{"count":4,"href":"https:\/\/regenexhomescom533.mbws.vn\/en\/wp-json\/wp\/v2\/pages\/651\/revisions"}],"predecessor-version":[{"id":821,"href":"https:\/\/regenexhomescom533.mbws.vn\/en\/wp-json\/wp\/v2\/pages\/651\/revisions\/821"}],"wp:attachment":[{"href":"https:\/\/regenexhomescom533.mbws.vn\/en\/wp-json\/wp\/v2\/media?parent=651"}],"curies":[{"name":"wp","href":"https:\/\/api.w.org\/{rel}","templated":true}]}}