{"id":652,"date":"2025-06-20T09:04:57","date_gmt":"2025-06-20T02:04:57","guid":{"rendered":"https:\/\/regenexhomescom533.mbws.vn\/gioi-thieu"},"modified":"2026-02-05T16:31:17","modified_gmt":"2026-02-05T09:31:17","slug":"gioi-thieu","status":"publish","type":"page","link":"https:\/\/regenexhomescom533.mbws.vn\/en\/gioi-thieu","title":{"rendered":"Gi\u1edbi thi\u1ec7u"},"content":{"rendered":"\n\t<section class=\"section mbws-scroll-down dark has-parallax\" id=\"section_1659486109\">\n\t\t<div class=\"section-bg fill\" data-parallax-container=\".section\" data-parallax-background data-parallax=\"-10\">\n\t\t\t<img loading=\"lazy\" decoding=\"async\" width=\"1920\" height=\"1236\" src=\"https:\/\/regenexhomescom533.mbws.vn\/wp-content\/uploads\/2026\/01\/bg-head.jpg\" class=\"bg attachment-original size-original\" alt=\"\" \/>\t\t\t\t\t\t<button class=\"scroll-for-more z-5 icon absolute bottom h-center\" aria-label=\"Scroll for more\"><i class=\"icon-angle-down\" style=\"font-size:42px;\" ><\/i><\/button>\n\t\t\t\n\n\t\t<\/div>\n\n\t\t\n\n\t\t<div class=\"section-content relative\">\n\t\t\t\n<div class=\"row\"  id=\"row-1802376042\">\n\n\t<div id=\"col-1057510172\" class=\"col pb-0 small-12 large-12\"  >\n\t\t\t\t<div class=\"col-inner\"  >\n\t\t\t\n\t\t\t\n\t<div id=\"text-1993498977\" class=\"text\">\n\t\t\n<h1>Gi\u1edbi thi\u1ec7u v\u1ec1 C\u00d4NG TY TNHH VSCB<\/h1>\n\t\t\n<style>\n#text-1993498977 {\n  font-size: 1.4rem;\n  text-align: center;\n}\n<\/style>\n\t<\/div>\n\t\n\t<div id=\"text-1234494800\" class=\"text\">\n\t\t\n<p>Kh\u00e1m ph\u00e1 gi\u00e1 tr\u1ecb v\u00e0 s\u1ee9 m\u1ec7nh c\u1ee7a ch\u00fang t\u00f4i trong l\u0129nh v\u1ef1c b\u1ea5t \u0111\u1ed9ng s\u1ea3n.<\/p>\n\t\t\n<style>\n#text-1234494800 {\n  text-align: center;\n}\n<\/style>\n\t<\/div>\n\t\n\t\t<\/div>\n\t\t\t\t\t<\/div>\n\n\t\n<\/div>\n\t\t<\/div>\n\n\t\t\n<style>\n#section_1659486109 {\n  padding-top: 60px;\n  padding-bottom: 60px;\n  min-height: 360px;\n}\n<\/style>\n\t<\/section>\n\t\n\n\t<section class=\"section\" id=\"section_572221831\">\n\t\t<div class=\"section-bg fill\" >\n\t\t\t\t\t\t\t\t\t\n\t\t\t\n\n\t\t<\/div>\n\n\t\t\n\n\t\t<div class=\"section-content relative\">\n\t\t\t\n<div class=\"row align-middle\"  id=\"row-880109512\">\n\n\t<div id=\"col-847154441\" class=\"col small-12 large-12\"  >\n\t\t\t\t<div class=\"col-inner\"  >\n\t\t\t\n\t\t\t\n<p>Ch\u00e0o m\u1eebng b\u1ea1n \u0111\u1ebfn v\u1edbi C\u00d4NG TY TNHH VSCB \u2013 \u0111\u1ed1i t\u00e1c tin c\u1eady trong l\u0129nh v\u1ef1c b\u1ea5t \u0111\u1ed9ng s\u1ea3n t\u1ea1i H\u1ed3 Ch\u00ed Minh. Ch\u00fang t\u00f4i t\u1ef1 h\u00e0o mang \u0111\u1ebfn c\u00e1c gi\u1ea3i ph\u00e1p b\u1ea5t \u0111\u1ed9ng s\u1ea3n chuy\u00ean nghi\u1ec7p, \u0111\u00e1p \u1ee9ng t\u1ed1i \u0111a nhu c\u1ea7u c\u1ee7a kh\u00e1ch h\u00e0ng mua, b\u00e1n v\u00e0 \u0111\u1ea7u t\u01b0.<\/p>\n<p>V\u1edbi \u0111\u1ed9i ng\u0169 chuy\u00ean gia gi\u00e0u kinh nghi\u1ec7m, C\u00d4NG TY TNHH VSCB cam k\u1ebft \u0111\u1ed3ng h\u00e0nh c\u00f9ng b\u1ea1n \u1edf m\u1ecdi b\u01b0\u1edbc trong h\u00e0nh tr\u00ecnh giao d\u1ecbch b\u1ea5t \u0111\u1ed9ng s\u1ea3n. D\u1ecbch v\u1ee5 c\u1ee7a ch\u00fang t\u00f4i h\u01b0\u1edbng \u0111\u1ebfn s\u1ef1 minh b\u1ea1ch, hi\u1ec7u qu\u1ea3, \u0111\u1ea3m b\u1ea3o kh\u00e1ch h\u00e0ng lu\u00f4n an t\u00e2m v\u00e0 thu\u1eadn l\u1ee3i.<\/p>\n<p>Ch\u00fang t\u00f4i kh\u00f4ng ng\u1eebng \u0111\u1ed5i m\u1edbi, \u00e1p d\u1ee5ng c\u00e1c chi\u1ebfn l\u01b0\u1ee3c ti\u1ebfp th\u1ecb th\u00f4ng minh, ph\u00e2n t\u00edch th\u1ecb tr\u01b0\u1eddng s\u00e2u r\u1ed9ng \u0111\u1ec3 t\u1ed1i \u01b0u h\u00f3a gi\u00e1 tr\u1ecb cho kh\u00e1ch h\u00e0ng c\u00e1 nh\u00e2n l\u1eabn doanh nghi\u1ec7p. Danh m\u1ee5c s\u1ea3n ph\u1ea9m \u0111a d\u1ea1ng t\u1eeb nh\u00e0 \u1edf, \u0111\u1ea5t n\u1ec1n \u0111\u1ebfn b\u1ea5t \u0111\u1ed9ng s\u1ea3n th\u01b0\u01a1ng m\u1ea1i gi\u00fap b\u1ea1n d\u1ec5 d\u00e0ng t\u00ecm ki\u1ebfm l\u1ef1a ch\u1ecdn ph\u00f9 h\u1ee3p.<\/p>\n<p>C\u00d4NG TY TNHH VSCB \u0111\u1ec1 cao \u0111\u1ea1o \u0111\u1ee9c ngh\u1ec1 nghi\u1ec7p, x\u00e2y d\u1ef1ng ni\u1ec1m tin v\u1eefng ch\u1eafc, lu\u00f4n \u0111\u1eb7t l\u1ee3i \u00edch kh\u00e1ch h\u00e0ng l\u00ean h\u00e0ng \u0111\u1ea7u. Ch\u00fang t\u00f4i kh\u00f4ng ch\u1ec9 l\u00e0 nh\u00e0 m\u00f4i gi\u1edbi b\u1ea5t \u0111\u1ed9ng s\u1ea3n; ch\u00fang t\u00f4i l\u00e0 ng\u01b0\u1eddi b\u1ea1n \u0111\u1ed3ng h\u00e0nh c\u00f9ng b\u1ea1n ph\u00e1t tri\u1ec3n b\u1ec1n v\u1eefng.<\/p>\n<p>C\u1ea3m \u01a1n qu\u00fd kh\u00e1ch \u0111\u00e3 tin t\u01b0\u1edfng l\u1ef1a ch\u1ecdn C\u00d4NG TY TNHH VSCB. H\u00e3y c\u00f9ng ch\u00fang t\u00f4i m\u1edf r\u1ed9ng c\u01a1 h\u1ed9i \u0111\u1ea7u t\u01b0 v\u00e0 s\u1edf h\u1eefu b\u1ea5t \u0111\u1ed9ng s\u1ea3n ch\u1ea5t l\u01b0\u1ee3ng!<\/p>\n\t\t<\/div>\n\t\t\t\t\t<\/div>\n\n\t\n\n\t<div id=\"col-862146105\" class=\"col medium-6 small-12 large-6\"  >\n\t\t\t\t<div class=\"col-inner\"  >\n\t\t\t\n\t\t\t\n\t<div class=\"img has-hover x md-x lg-x y md-y lg-y\" id=\"image_967131191\">\n\t\t\t\t\t\t\t\t<div class=\"img-inner dark\" >\n\t\t\t<img loading=\"lazy\" decoding=\"async\" width=\"640\" height=\"480\" src=\"https:\/\/regenexhomescom533.mbws.vn\/wp-content\/uploads\/2026\/01\/1728219829-8L90_crop_-0-p-50_0-p-00_640-p-99_480-p-74_0-p-00.jpeg\" class=\"attachment-large size-large\" alt=\"\" srcset=\"https:\/\/regenexhomescom533.mbws.vn\/wp-content\/uploads\/2026\/01\/1728219829-8L90_crop_-0-p-50_0-p-00_640-p-99_480-p-74_0-p-00.jpeg 640w, https:\/\/regenexhomescom533.mbws.vn\/wp-content\/uploads\/2026\/01\/1728219829-8L90_crop_-0-p-50_0-p-00_640-p-99_480-p-74_0-p-00-300x225.jpeg 300w, https:\/\/regenexhomescom533.mbws.vn\/wp-content\/uploads\/2026\/01\/1728219829-8L90_crop_-0-p-50_0-p-00_640-p-99_480-p-74_0-p-00-500x375.jpeg 500w\" sizes=\"auto, (max-width: 640px) 100vw, 640px\" \/>\t\t\t\t\t\t\n\t\t\t\t\t<\/div>\n\t\t\t\t\t\t\t\t\n<style>\n#image_967131191 {\n  width: 100%;\n}\n<\/style>\n\t<\/div>\n\t\n\t\t<\/div>\n\t\t\t\t\t<\/div>\n\n\t\n\n\t<div id=\"col-1445061471\" class=\"col medium-6 small-12 large-6\"  >\n\t\t\t\t<div class=\"col-inner box-shadow-2\" style=\"background-color:rgb(255, 255, 255);\" >\n\t\t\t\n\t\t\t\n<h2>T\u1ea7m nh\u00ecn &#8211; Vision<\/h2>\n<p>C\u00d4NG TY TNHH VSCB h\u01b0\u1edbng \u0111\u1ebfn tr\u1edf th\u00e0nh \u0111\u01a1n v\u1ecb ti\u00ean phong v\u1ec1 d\u1ecbch v\u1ee5 b\u1ea5t \u0111\u1ed9ng s\u1ea3n t\u1ea1i H\u1ed3 Ch\u00ed Minh, d\u1eabn \u0111\u1ea7u v\u1ec1 ch\u1ea5t l\u01b0\u1ee3ng v\u00e0 s\u1ef1 h\u00e0i l\u00f2ng c\u1ee7a kh\u00e1ch h\u00e0ng. Ch\u00fang t\u00f4i \u1ee9ng d\u1ee5ng c\u00f4ng ngh\u1ec7 hi\u1ec7n \u0111\u1ea1i, ki\u1ebfn th\u1ee9c th\u1ecb tr\u01b0\u1eddng s\u00e2u s\u1eafc \u0111\u1ec3 t\u1ea1o ra tr\u1ea3i nghi\u1ec7m giao d\u1ecbch minh b\u1ea1ch, an to\u00e0n cho m\u1ecdi \u0111\u1ed1i t\u01b0\u1ee3ng kh\u00e1ch h\u00e0ng. B\u1eb1ng nh\u1eefng gi\u00e1 tr\u1ecb th\u1ef1c v\u00e0 uy t\u00edn, ch\u00fang t\u00f4i cam k\u1ebft th\u00fac \u0111\u1ea9y ph\u00e1t tri\u1ec3n ng\u00e0nh b\u1ea5t \u0111\u1ed9ng s\u1ea3n, mang l\u1ea1i l\u1ee3i \u00edch l\u00e2u d\u00e0i v\u00e0 \u0111\u00f3ng g\u00f3p t\u00edch c\u1ef1c cho c\u1ed9ng \u0111\u1ed3ng.<\/p>\n\t\t<\/div>\n\t\t\t\t\n<style>\n#col-1445061471 > .col-inner {\n  padding: 48px 48px 48px 48px;\n  margin: 0px 0px 0px -100px;\n  border-radius: 5px;\n}\n<\/style>\n\t<\/div>\n\n\t\n<\/div>\n\t\t<\/div>\n\n\t\t\n<style>\n#section_572221831 {\n  padding-top: 30px;\n  padding-bottom: 30px;\n}\n<\/style>\n\t<\/section>\n\t\n","protected":false},"excerpt":{"rendered":"","protected":false},"author":1,"featured_media":0,"parent":0,"menu_order":8,"comment_status":"closed","ping_status":"closed","template":"page-blank.php","meta":{"_acf_changed":false,"footnotes":""},"class_list":["post-652","page","type-page","status-publish","hentry"],"acf":[],"_links":{"self":[{"href":"https:\/\/regenexhomescom533.mbws.vn\/en\/wp-json\/wp\/v2\/pages\/652","targetHints":{"allow":["GET"]}}],"collection":[{"href":"https:\/\/regenexhomescom533.mbws.vn\/en\/wp-json\/wp\/v2\/pages"}],"about":[{"href":"https:\/\/regenexhomescom533.mbws.vn\/en\/wp-json\/wp\/v2\/types\/page"}],"author":[{"embeddable":true,"href":"https:\/\/regenexhomescom533.mbws.vn\/en\/wp-json\/wp\/v2\/users\/1"}],"replies":[{"embeddable":true,"href":"https:\/\/regenexhomescom533.mbws.vn\/en\/wp-json\/wp\/v2\/comments?post=652"}],"version-history":[{"count":3,"href":"https:\/\/regenexhomescom533.mbws.vn\/en\/wp-json\/wp\/v2\/pages\/652\/revisions"}],"predecessor-version":[{"id":823,"href":"https:\/\/regenexhomescom533.mbws.vn\/en\/wp-json\/wp\/v2\/pages\/652\/revisions\/823"}],"wp:attachment":[{"href":"https:\/\/regenexhomescom533.mbws.vn\/en\/wp-json\/wp\/v2\/media?parent=652"}],"curies":[{"name":"wp","href":"https:\/\/api.w.org\/{rel}","templated":true}]}}